{"id":11,"date":"2023-10-12T14:41:09","date_gmt":"2023-10-12T14:41:09","guid":{"rendered":"https:\/\/hannulantalli.fi\/wordpress\/?page_id=11"},"modified":"2024-09-05T12:17:54","modified_gmt":"2024-09-05T12:17:54","slug":"hinnasto","status":"publish","type":"page","link":"https:\/\/hannulantalli.fi\/wordpress\/?page_id=11","title":{"rendered":"Hinnasto"},"content":{"rendered":"\n\n\t<h6>Hinnasto<\/h6>\n<p><strong>Tallivuokra:<\/strong><\/p>\n<ul>\n<li><strong>600 \u20ac <\/strong>ilman siivousta<\/li>\n<li><strong>640 \u20ac <\/strong>arkisiivouksella<strong><br \/>\n<\/strong><\/li>\n<li><strong>680 \u20ac <\/strong>siivous jokaisena p\u00e4iv\u00e4n\u00e4<strong><br \/>\n<\/strong><\/li>\n<li>Tarhan siivous kokonaan <strong>50 \u20ac\/kk<br \/>\n<\/strong><\/li>\n<li>Kuivahein\u00e4: kokonaan <strong>100 \u20ac\/kk<\/strong>, puolet <strong>50 \u20ac\/kk<\/strong><\/li>\n<\/ul>\n<p>Hinnat sis alv.<\/p>\n\t\t\t\t<img loading=\"lazy\" decoding=\"async\" src=\"https:\/\/hannulantalli.fi\/wordpress\/wp-content\/uploads\/2023\/12\/DSC06578-scaled.jpg\" alt=\"SONY DSC\" itemprop=\"image\" height=\"1714\" width=\"2560\" title=\"SONY DSC\" onerror=\"this.style.display='none'\"  \/>\n\t<p><strong>T\u00e4ysihoito sis\u00e4lt\u00e4\u00e4:<\/strong><\/p>\n<ul>\n<li>Karsinapaikka, siivous ja turvekuivitus<\/li>\n<li>Hein\u00e4t 5 x p\u00e4iv\u00e4ss\u00e4 (hein\u00e4st\u00e4 analyysi)<\/li>\n<li>Kaurat 2 x p\u00e4iv\u00e4ss\u00e4 ja valmiiksi laitetut lis\u00e4rehut<\/li>\n<li>7 p\u00e4iv\u00e4n\u00e4 viikossa kokop\u00e4iv\u00e4- tai puolip\u00e4iv\u00e4tarhaus omistajan toiveiden mukaan<\/li>\n<li>Loimitus \/ suojat<\/li>\n<li>Suolakivi<\/li>\n<li>Juomavesi tarhoissa ja laitumilla<\/li>\n<li>Kes\u00e4ll\u00e4 mahdollista saada hevonen laitumelle<\/li>\n<\/ul>\n\t<em>Jokaisen tallipaikan vuokraajan kanssa tehd\u00e4\u00e4n kirjallinen sopimus.<\/em><br \/>\n<em>Voit tiedustella tallipaikkaa puhelimitse <strong>Elinalta<\/strong> tai <strong>Jussilta<\/strong>. Olet tervetullut tutustumaan tallille, kunhan sovit tapaamisen.<\/em><br \/>\n<em>Meill\u00e4 painotetaan hevosten asiantuntevaan ja hyv\u00e4\u00e4n hoitoon. Hein\u00e4 on laadukasta ja hevosilla on selke\u00e4 p\u00e4iv\u00e4rytmi sek\u00e4 kokop\u00e4iv\u00e4tarhaus.<\/em>\n\n","protected":false},"excerpt":{"rendered":"<p>Hinnasto Tallivuokra: 600 \u20ac ilman siivousta 640 \u20ac arkisiivouksella 680 \u20ac siivous jokaisena p\u00e4iv\u00e4n\u00e4 Tarhan siivous kokonaan 50 \u20ac\/kk Kuivahein\u00e4: kokonaan 100 \u20ac\/kk, puolet 50 \u20ac\/kk Hinnat sis alv. T\u00e4ysihoito sis\u00e4lt\u00e4\u00e4: Karsinapaikka, siivous ja turvekuivitus Hein\u00e4t 5 x p\u00e4iv\u00e4ss\u00e4 (hein\u00e4st\u00e4 analyysi) Kaurat 2 x p\u00e4iv\u00e4ss\u00e4 ja valmiiksi laitetut lis\u00e4rehut 7 p\u00e4iv\u00e4n\u00e4 viikossa kokop\u00e4iv\u00e4- tai puolip\u00e4iv\u00e4tarhaus&#8230;<\/p>\n","protected":false},"author":1,"featured_media":0,"parent":0,"menu_order":0,"comment_status":"closed","ping_status":"closed","template":"","meta":{"_kad_post_transparent":"","_kad_post_title":"hide","_kad_post_layout":"","_kad_post_sidebar_id":"","_kad_post_content_style":"","_kad_post_vertical_padding":"","_kad_post_feature":"","_kad_post_feature_position":"","_kad_post_header":false,"_kad_post_footer":false,"footnotes":""},"class_list":["post-11","page","type-page","status-publish","hentry"],"_links":{"self":[{"href":"https:\/\/hannulantalli.fi\/wordpress\/index.php?rest_route=\/wp\/v2\/pages\/11","targetHints":{"allow":["GET"]}}],"collection":[{"href":"https:\/\/hannulantalli.fi\/wordpress\/index.php?rest_route=\/wp\/v2\/pages"}],"about":[{"href":"https:\/\/hannulantalli.fi\/wordpress\/index.php?rest_route=\/wp\/v2\/types\/page"}],"author":[{"embeddable":true,"href":"https:\/\/hannulantalli.fi\/wordpress\/index.php?rest_route=\/wp\/v2\/users\/1"}],"replies":[{"embeddable":true,"href":"https:\/\/hannulantalli.fi\/wordpress\/index.php?rest_route=%2Fwp%2Fv2%2Fcomments&post=11"}],"version-history":[{"count":24,"href":"https:\/\/hannulantalli.fi\/wordpress\/index.php?rest_route=\/wp\/v2\/pages\/11\/revisions"}],"predecessor-version":[{"id":493,"href":"https:\/\/hannulantalli.fi\/wordpress\/index.php?rest_route=\/wp\/v2\/pages\/11\/revisions\/493"}],"wp:attachment":[{"href":"https:\/\/hannulantalli.fi\/wordpress\/index.php?rest_route=%2Fwp%2Fv2%2Fmedia&parent=11"}],"curies":[{"name":"wp","href":"https:\/\/api.w.org\/{rel}","templated":true}]}}